{"id":8,"date":"2018-01-14T17:10:28","date_gmt":"2018-01-14T16:10:28","guid":{"rendered":"https:\/\/bim-tiefbau.de\/?page_id=8"},"modified":"2018-11-14T09:18:27","modified_gmt":"2018-11-14T08:18:27","slug":"ueber-uns","status":"publish","type":"page","link":"https:\/\/bim-tiefbau.de\/category\/startseite\/ueber-uns\/","title":{"rendered":"Autoren"},"content":{"rendered":"<p>Dipl.-Ing (TH) Frank Kocher<\/p>\n<p>Gesch\u00e4ftsf\u00fchrer von isl-kocher GmbH<\/p>\n<figure id=\"attachment_28\" aria-describedby=\"caption-attachment-28\" style=\"width: 200px\" class=\"wp-caption alignnone\"><img loading=\"lazy\" class=\"size-medium wp-image-28\" src=\"https:\/\/bim-tiefbau.de\/wp-content\/uploads\/2018\/01\/isl-frank-kocher-200x300.jpg\" alt=\"\" width=\"200\" height=\"300\" srcset=\"https:\/\/bim-tiefbau.de\/wp-content\/uploads\/2018\/01\/isl-frank-kocher-200x300.jpg 200w, https:\/\/bim-tiefbau.de\/wp-content\/uploads\/2018\/01\/isl-frank-kocher-180x270.jpg 180w, https:\/\/bim-tiefbau.de\/wp-content\/uploads\/2018\/01\/isl-frank-kocher.jpg 500w\" sizes=\"(max-width: 200px) 100vw, 200px\" \/><figcaption id=\"caption-attachment-28\" class=\"wp-caption-text\">Frank Kocher<\/figcaption><\/figure>\n<p>Gastautoren: Michael Hippe und Ralf Ostermann sind Gesch\u00e4ftsf\u00fchrer der Franz Fischer Ingenieurb\u00fcro GmbH. Beide besch\u00e4ftigen sich bereits seit langer Zeit mit der Einf\u00fchrung von BIM in der Siedlungswasserwirtschaft. Die Franz Fischer Ingenieurb\u00fcro GmbH mit \u00fcber 100 Mitarbeitern begleitet Infrastrukturprojekte von der Planung bis zur Umsetzung.<\/p>\n<p><img loading=\"lazy\" src=\"https:\/\/bim-tiefbau.de\/wp-content\/uploads\/2018\/11\/COE-300x200.jpg\" alt=\"Herr Hippe und Herr Ostermann\" width=\"300\" height=\"200\" class=\"aligncenter size-medium wp-image-390\" srcset=\"https:\/\/bim-tiefbau.de\/wp-content\/uploads\/2018\/11\/COE-300x200.jpg 300w, https:\/\/bim-tiefbau.de\/wp-content\/uploads\/2018\/11\/COE-768x511.jpg 768w, https:\/\/bim-tiefbau.de\/wp-content\/uploads\/2018\/11\/COE-1024x681.jpg 1024w, https:\/\/bim-tiefbau.de\/wp-content\/uploads\/2018\/11\/COE-406x270.jpg 406w, https:\/\/bim-tiefbau.de\/wp-content\/uploads\/2018\/11\/COE.jpg 1565w\" sizes=\"(max-width: 300px) 100vw, 300px\" \/><\/p>\n","protected":false},"excerpt":{"rendered":"<p>Dipl.-Ing (TH) Frank Kocher Gesch\u00e4ftsf\u00fchrer von isl-kocher GmbH Gastautoren: Michael Hippe und Ralf Ostermann sind Gesch\u00e4ftsf\u00fchrer der Franz Fischer Ingenieurb\u00fcro GmbH. Beide besch\u00e4ftigen sich bereits seit langer Zeit mit der Einf\u00fchrung von BIM in der Siedlungswasserwirtschaft. Die Franz Fischer Ingenieurb\u00fcro GmbH mit \u00fcber 100 Mitarbeitern begleitet Infrastrukturprojekte von der Planung bis zur Umsetzung.<\/p>\n","protected":false},"author":2,"featured_media":0,"parent":0,"menu_order":0,"comment_status":"closed","ping_status":"closed","template":"","meta":[],"_links":{"self":[{"href":"https:\/\/bim-tiefbau.de\/category\/startseite\/wp-json\/wp\/v2\/pages\/8"}],"collection":[{"href":"https:\/\/bim-tiefbau.de\/category\/startseite\/wp-json\/wp\/v2\/pages"}],"about":[{"href":"https:\/\/bim-tiefbau.de\/category\/startseite\/wp-json\/wp\/v2\/types\/page"}],"author":[{"embeddable":true,"href":"https:\/\/bim-tiefbau.de\/category\/startseite\/wp-json\/wp\/v2\/users\/2"}],"replies":[{"embeddable":true,"href":"https:\/\/bim-tiefbau.de\/category\/startseite\/wp-json\/wp\/v2\/comments?post=8"}],"version-history":[{"count":7,"href":"https:\/\/bim-tiefbau.de\/category\/startseite\/wp-json\/wp\/v2\/pages\/8\/revisions"}],"predecessor-version":[{"id":392,"href":"https:\/\/bim-tiefbau.de\/category\/startseite\/wp-json\/wp\/v2\/pages\/8\/revisions\/392"}],"wp:attachment":[{"href":"https:\/\/bim-tiefbau.de\/category\/startseite\/wp-json\/wp\/v2\/media?parent=8"}],"curies":[{"name":"wp","href":"https:\/\/api.w.org\/{rel}","templated":true}]}}