{"id":79,"date":"2018-01-17T19:05:27","date_gmt":"2018-01-17T18:05:27","guid":{"rendered":"https:\/\/bim-tiefbau.de\/?page_id=79"},"modified":"2018-06-08T10:11:56","modified_gmt":"2018-06-08T08:11:56","slug":"unterschiede-bim-hoch-tiefbau","status":"publish","type":"page","link":"https:\/\/bim-tiefbau.de\/category\/startseite\/unterschiede-bim-hoch-tiefbau\/","title":{"rendered":"Unterschiede BIM Hoch-\/Tiefbau"},"content":{"rendered":"<p>Ein Grundgedanke f\u00fcr die Anwendung von BIM ist, dass der Planer der ausf\u00fchrenden Baufirma ein 3D-Modell \u00fcbergibt, welches genauso auch gebaut wird.<\/p>\n<p>Im klassischen Hochbau mag diese These zumindest f\u00fcr den Rohbau zutreffen: Wird eine Ausf\u00fchrungsplanung passend zum genehmigten Bauantrag erstellt, so wird sich, vorbehaltlich von Planungsfehlern, die w\u00e4hrend der Bauzeit auffallen, das Modell des Rohbaus nicht mehr \u00e4ndern.<\/p>\n<p>Planungsfehler sollten mit der Nutzung von BIM jedoch auch seltener auftreten, da diese am 3D-Modell eher auffallen als in 2D Pl\u00e4nen.<\/p>\n<p>Im Tiefbau, damit ist verk\u00fcrzt gemeint der Stra\u00dfen- Tief-, Erd- und Gala-Bau, ist die Situation anders, und zwar aus folgenden Gr\u00fcnden:<\/p>\n<ul>\n<li>Es gilt weiterhin der alte Spruch \u201eVor der Schippe ist es dunkel!\u201c. Selbst wenn Bodengutachten auf Basis von Bohrprofilen vorliegen, was unbedingt notwendig ist, wenn im Erdbau der BIM-Gedanke ernst genommen wird, m\u00fcssen Annahmen getroffen werden, wie zB. die Schichten zwischen den Bohrungen verlaufen.<\/li>\n<li>In Kulturlandschaften und innerorts muss immer mit alten, nicht dokumentierten Leitungen oder gar auch mit arch\u00e4ologischen Funden gerechnet werden.<\/li>\n<li>Im Kanalbau ist es nach aller Erfahrung so, dass der Planer Haltungsl\u00e4ngen und die Lage von Anschl\u00fcssen festlegt, ohne auf die Rohrl\u00e4ngen und Rohrst\u00f6\u00dfe zu achten. In der Regel werden jedoch keine Rohre geschnitten und das restliche Material weggeworfen, nur um exakt die geplante Haltungsl\u00e4nge einzuhalten, sondern der n\u00e4chste Schacht wird leicht verschoben. F\u00e4llt ein Anschlusspunkt eines Hausanschlusses oder Stra\u00dfenablaufs auf eine Muffe der Hauptleitung, wird dieser Punkt ebenso \u00f6rtlich verschoben.<\/li>\n<li>Im Stra\u00dfenbau werden beim Bauen im Bestand h\u00e4ufig die Angleichungen von Nebenfl\u00e4chen wie Hauszufahrten nicht geplant, es kommt zu \u00f6rtlichen Anpassungen<\/li>\n<\/ul>\n<p>Das Bestandsmodell im Tiefbau nach Fertigstellung wird also in aller Regel von der Planung abweichen. Diese Tatsache spricht nicht dagegen, BIM im Tiefbau anzuwenden, sondern erfordert, zu \u00fcberlegen, wie man damit umgeht.<\/p>\n<p>Bei den Leitungen im Kanalbau ist es recht einfach: \u00dcbernimmt die Baufirma das zu bauende Netz \u00fcber ISYBAU, k\u00f6nnen mit Hilfe eines geeigneten Systems z.B. die Sch\u00e4chte und die Lage der Anschl\u00fcsse w\u00e4hrend der Bauphase auf Basis der Vermessung geschoben und angepasst werden. So wird aus der Planung nach und nach das Bestandsmodell.<\/p>\n<p><img loading=\"lazy\" class=\"alignleft wp-image-76\" src=\"https:\/\/bim-tiefbau.de\/wp-content\/uploads\/2018\/01\/Unterschiede_BIM_Hoch-Tiefbau-300x141.jpg\" alt=\"\" width=\"398\" height=\"187\" srcset=\"https:\/\/bim-tiefbau.de\/wp-content\/uploads\/2018\/01\/Unterschiede_BIM_Hoch-Tiefbau-300x141.jpg 300w, https:\/\/bim-tiefbau.de\/wp-content\/uploads\/2018\/01\/Unterschiede_BIM_Hoch-Tiefbau-576x270.jpg 576w, https:\/\/bim-tiefbau.de\/wp-content\/uploads\/2018\/01\/Unterschiede_BIM_Hoch-Tiefbau.jpg 634w\" sizes=\"(max-width: 398px) 100vw, 398px\" \/>Im Erdbau, der indirekt bei allen anderen Gewerken enthalten ist, m\u00fcssen die geplanten oder aus Annahmen ermittelten Bodenhorizonte durch Vermessung an den Ist-Zustand angepasst bzw. durch neue Horizonte ersetzt werden.<\/p>\n<p>Am komplexesten ist die Situation im Stra\u00dfen- bzw. auch Gleisbau: Alleine aufgrund der Tatsache, dass bei Infrastrukturprojekten in Bauabschnitten gearbeitet wird, die die Baufirma nach Auftragsvergabe plant und festgelegt, macht eine Erstellung von 3D Volumenk\u00f6rpern in der Planungsphase nur bedingt Sinn, da diese zu den Bauabschnitten nicht passen. Bodenhorizonte wie das geplante Erdplanum sind f\u00fcr eine GNSS gest\u00fctzte Maschinensteuerung in der Regel unbrauchbar und m\u00fcssen neu modelliert werden, um den herstellerspezifischen Anforderungen der Maschinensteuerung gerecht zu werden.<br \/>\nAnders als bei beispielsweise den Haltungsl\u00e4ngen und Lage der Sch\u00e4chte im Kanalbau wird von der Lage der geplanten Achse und Gradiente insbesondere aus haftungsrechtlichen Gr\u00fcnden und Aspekten des Grunderwerbs jedoch nicht abgewichen.<\/p>\n<p>Aus diesen Gr\u00fcnden erscheint es im Infrastrukturbau sinnvoll, wenn der Planer dem Ausf\u00fchrer m\u00f6glichst gute Ausgangsparameter \u00fcbergibt, aus denen sich der Ausf\u00fchrer die ben\u00f6tigten 3D-Modelle in jeder Phase der Ausf\u00fchrung selbst erstellen kann:<\/p>\n<ul>\n<li>3D Modelle der Bauabschnitte passend zur 4D Bauablaufplanung<\/li>\n<li>geeignete Bodenhorizonte f\u00fcr die Maschinensteuerung<\/li>\n<li>Bestandsmodelle (as-built) nach Fertigstellung<\/li>\n<\/ul>\n<p>Die gute Nachricht dabei: Sowohl im Stra\u00dfen- als auch im Kanal- und Erdbau existieren alle f\u00fcr den digitalen Datenfluss notwendigen Schnittstellenformate. Siehe dazu gesonderten Beitrag.<\/p>\n<p>Fazit: Im Stra\u00dfen -und Tiefbau ist die Vorstellung von der Nutzung eines Planungs- Modells ohne Ver\u00e4nderung in der Ausf\u00fchrungsphase unrealistisch. Dabei bestehen auch noch gro\u00dfe Unterschiede zwischen den Gewerken Erd-, Stra\u00dfen- und Tiefbau. Dennoch bringt die Verwendung von Modellen auch diesen Gewerken gro\u00dfe Vorteile gegen\u00fcber der heutigen Arbeitsweise!<\/p>\n<p>Dar\u00fcber hinaus muss man feststellen, dass eine Trennung von BIM Hoch- und Tiefbau eigentlich nicht haltbar ist:<\/p>\n<ul>\n<li>Jedes Geb\u00e4ude hat eine Baugrube gegebenenfalls mit verschiedenen Bodenschichten<\/li>\n<li>Ein Geb\u00e4ude ist angeschlossen an Ver- und Entsorgungsleitungen<\/li>\n<li>Ingenieurbauwerke und Kl\u00e4rbecken geh\u00f6ren zum Tiefbau, besitzen aber auch W\u00e4nde und Bodenplatten.<\/li>\n<\/ul>\n","protected":false},"excerpt":{"rendered":"<p>Ein Grundgedanke f\u00fcr die Anwendung von BIM ist, dass der Planer der ausf\u00fchrenden Baufirma ein 3D-Modell \u00fcbergibt, welches genauso auch gebaut wird. Im klassischen Hochbau mag diese These zumindest f\u00fcr den Rohbau zutreffen: Wird eine Ausf\u00fchrungsplanung passend zum genehmigten Bauantrag erstellt, so wird sich, vorbehaltlich von Planungsfehlern, die w\u00e4hrend der Bauzeit auffallen, das Modell des Rohbaus nicht mehr \u00e4ndern. Planungsfehler sollten mit der Nutzung von BIM jedoch auch seltener auftreten, da diese am 3D-Modell eher auffallen als in 2D Pl\u00e4nen&#8230;.<\/p>\n<p class=\"read-more\"><a class=\"btn btn-default\" href=\"https:\/\/bim-tiefbau.de\/category\/startseite\/unterschiede-bim-hoch-tiefbau\/\"> mehr<span class=\"screen-reader-text\">  mehr<\/span><\/a><\/p>\n","protected":false},"author":2,"featured_media":0,"parent":0,"menu_order":0,"comment_status":"closed","ping_status":"closed","template":"","meta":[],"_links":{"self":[{"href":"https:\/\/bim-tiefbau.de\/category\/startseite\/wp-json\/wp\/v2\/pages\/79"}],"collection":[{"href":"https:\/\/bim-tiefbau.de\/category\/startseite\/wp-json\/wp\/v2\/pages"}],"about":[{"href":"https:\/\/bim-tiefbau.de\/category\/startseite\/wp-json\/wp\/v2\/types\/page"}],"author":[{"embeddable":true,"href":"https:\/\/bim-tiefbau.de\/category\/startseite\/wp-json\/wp\/v2\/users\/2"}],"replies":[{"embeddable":true,"href":"https:\/\/bim-tiefbau.de\/category\/startseite\/wp-json\/wp\/v2\/comments?post=79"}],"version-history":[{"count":5,"href":"https:\/\/bim-tiefbau.de\/category\/startseite\/wp-json\/wp\/v2\/pages\/79\/revisions"}],"predecessor-version":[{"id":281,"href":"https:\/\/bim-tiefbau.de\/category\/startseite\/wp-json\/wp\/v2\/pages\/79\/revisions\/281"}],"wp:attachment":[{"href":"https:\/\/bim-tiefbau.de\/category\/startseite\/wp-json\/wp\/v2\/media?parent=79"}],"curies":[{"name":"wp","href":"https:\/\/api.w.org\/{rel}","templated":true}]}}